{"id":5734,"date":"2018-10-22T13:46:39","date_gmt":"2018-10-22T13:46:39","guid":{"rendered":"https:\/\/www.ekko-wp.com\/?page_id=5734"},"modified":"2024-02-27T08:28:38","modified_gmt":"2024-02-27T08:28:38","slug":"soprano-ice-platinum","status":"publish","type":"page","link":"https:\/\/www.skinmedicallaser.com\/fr\/soprano-ice-platinum\/","title":{"rendered":"Soprano"},"content":{"rendered":"<div class=\"wpb-content-wrapper\"><div class=\"vc_row wpb_row vc_row-fluid\"><div class=\"wpb_column vc_column_container vc_col-sm-12\"><div class=\"vc_column-inner\"><div class=\"wpb_wrapper\"><header class=\"kd-section-title col-lg-12 text-center solid-line sep-border-width-1\" ><h2 class=\"separator_on\" >LA SOPRANO ICE PLATINUM OFFRE UNE SOLUTION SIMPLE ET D\u00c9FINITIVE POUR UNE PEAU SANS POILS<\/h2><div class=\"kd-separator below_title\" ><div class=\"kd-separator-line\" ><\/div><\/div><\/header><\/div><\/div><\/div><\/div><div class=\"vc_row wpb_row vc_row-fluid vc_row-o-content-middle vc_row-flex\"><div class=\"wpb_column vc_column_container vc_col-sm-4\"><div class=\"vc_column-inner\"><div class=\"wpb_wrapper\"><header class=\"kd-section-title col-lg-12 text-center\" ><h3 class=\"separator_off\" style=\"color: #bbaa5a;\">A PROPOS DU LASER<\/h3><\/header>\n\t<div  class=\"wpb_single_image wpb_content_element vc_align_center wpb_content_element\">\n\t\t\n\t\t<figure class=\"wpb_wrapper vc_figure\">\n\t\t\t<div class=\"vc_single_image-wrapper   vc_box_border_grey\"><img fetchpriority=\"high\" decoding=\"async\" width=\"217\" height=\"300\" src=\"https:\/\/www.skinmedicallaser.com\/wp-content\/uploads\/2024\/02\/skinmedicallaser-Soprano-laser-217x300.png\" class=\"vc_single_image-img attachment-medium\" alt=\"skinmedicallaser Soprano laser\" title=\"skinmedicallaser Soprano laser\" srcset=\"https:\/\/www.skinmedicallaser.com\/wp-content\/uploads\/2024\/02\/skinmedicallaser-Soprano-laser-217x300.png 217w, https:\/\/www.skinmedicallaser.com\/wp-content\/uploads\/2024\/02\/skinmedicallaser-Soprano-laser-9x12.png 9w, https:\/\/www.skinmedicallaser.com\/wp-content\/uploads\/2024\/02\/skinmedicallaser-Soprano-laser.png 485w\" sizes=\"(max-width: 217px) 100vw, 217px\" \/><\/div>\n\t\t<\/figure>\n\t<\/div>\n<\/div><\/div><\/div><div class=\"wpb_column vc_column_container vc_col-sm-8\"><div class=\"vc_column-inner\"><div class=\"wpb_wrapper\"><p style=\"text-align: left\" class=\"vc_custom_heading vc_do_custom_heading\" >Ce laser \u00e9met 3 longueurs d'onde \u00e0 travers une pi\u00e8ce  \u00e0 main: 755 nm qui correspondent au laser Alexandrite, 810 nm \u00e0 la diode classique et 1064 nm au Nd:Yag. Il cible donc simultan\u00e9ment toutes les structures \u00e0 l'int\u00e9rieur du follicule pileux \u00e0 toutes les profondeurs, tandis que la peau est prot\u00e9g\u00e9e.<\/p>\n<p>Whether you have light, dark or tanned skin, coarse or fine hair, Soprano ICE Platinum targets unwanted hair at multiple levels for optimal results, with effective hair removal that is safe, quick and best of all, virtually painless. This laser uses the best technology for definite hair removal with the best conditions of security.<\/p>\n<p>Les s\u00e9ances de traitement sont tr\u00e8s rapides et vous pouvez reprendre vos activit\u00e9s normales imm\u00e9diatement.<\/p><\/div><\/div><\/div><\/div><div class=\"vc_row wpb_row vc_row-fluid vc_custom_1583773087901 vc_row-has-padding-top\"><div class=\"wpb_column vc_column_container vc_col-sm-12\"><div class=\"vc_column-inner\"><div class=\"wpb_wrapper\"><header class=\"kd-section-title col-lg-12 text-center\" ><h5 class=\"separator_off\" style=\"line-height: 2;\">EN TANT QU' UNE SOLUTION INTEGREE, SOPRANO ICE PLATINUM COMBINE LES AVANTAGES DE TOUTES LES 3 LONGUEURS D' ONDES, EN REALISANT DES RESULTATS EXCELLENTS A N' IMPORTE LONGUEUR D' ONDE, UTILISEE SEULE<\/h5><\/header><\/div><\/div><\/div><\/div><div class=\"vc_row wpb_row vc_row-fluid\"><div class=\"wpb_column vc_column_container vc_col-sm-12\"><div class=\"vc_column-inner\"><div class=\"wpb_wrapper\"><div  class=\"vc_do_toggle vc_toggle vc_toggle_default vc_toggle_color_default  vc_toggle_size_md vc_toggle_active\"><div class=\"vc_toggle_title\"><h4>Alexandrite 755NM LONGUEUR D' ONDE<\/h4><i class=\"vc_toggle_icon\"><\/i><\/div><div class=\"vc_toggle_content\"><p>La longueur d' onde  Alexandrite offre une absorption d' \u00e9nergie plus puissante de la m\u00e9lanine chromophore, qui la rend id\u00e9ale pour les gammes les plus larges de types et couleurs de cheveux - speciallement cheveux clairs-color\u00e9s et tr\u00e8s fins. Avec une p\u00e9n\u00e9tration plus superficielle, la longueur d' onde 755nm cible la pousse du follicule pileux et est particuli\u00e8rement efficace pour des cheveux  superficiellement int\u00e9gr\u00e9s \u00e0 des zones telles que l' entre-sourcils et la l\u00e8vre sup\u00e9rieure.<\/p>\n<\/div><\/div><div  class=\"vc_do_toggle vc_toggle vc_toggle_default vc_toggle_color_default  vc_toggle_size_md\"><div class=\"vc_toggle_title\"><h4>VITESSE LONGUEUR D' ONDE 810NM<\/h4><i class=\"vc_toggle_icon\"><\/i><\/div><div class=\"vc_toggle_content\"><p>La longueur d' onde classique au laser \u00e9pilation d\u00e9finitive, longueur d' onde 810nm, offre une p\u00e9n\u00e9tration profonde du follicule pileux avec une puissance moyenne \u00e9lev\u00e9e,un taux de r\u00e9p\u00e9titions \u00e9lev\u00e9 et un \u00e9space large de 2 cm pour un traitement rapide.  Le 810nm a un niveau d' absorption de m\u00e9lanine mod\u00e9r\u00e9 qui la rend s\u00fbre pour les types de peau plus fonc\u00e9e. Ses capacit\u00e9s de p\u00e9n\u00e9tration profonde ciblent la pousse le bulbe du follicule pileux alors que la p\u00e9n\u00e9tration mod\u00e9r\u00e9e du tissu la rend id\u00e9ale pour traiter les bras, les jambes, les joues et la barbe.<\/p>\n<\/div><\/div><div  class=\"vc_do_toggle vc_toggle vc_toggle_default vc_toggle_color_default  vc_toggle_size_md\"><div class=\"vc_toggle_title\"><h4>Nd:YAG 1064NM WAVELENGTH<\/h4><i class=\"vc_toggle_icon\"><\/i><\/div><div class=\"vc_toggle_content\"><div class=\"wpb-content-wrapper\">\n<div class=\"vc_row wpb_row vc_row-fluid\">\n<div class=\"wpb_column vc_column_container vc_col-sm-12\">\n<div class=\"vc_column-inner\">\n<div class=\"wpb_wrapper\">\n<div class=\"vc_tta-container\" data-vc-action=\"collapse\" data-vc-tta-autoplay=\"{&quot;delay&quot;:3000}\">\n<div class=\"vc_general vc_tta vc_tta-accordion vc_tta-color-grey vc_tta-style-modern vc_tta-shape-round vc_tta-o-shape-group vc_tta-controls-align-left\">\n<div class=\"vc_tta-panels-container\">\n<div class=\"vc_tta-panels\">\n<div id=\"1583831574178-60c1c2b9-d8ae\" class=\"vc_tta-panel vc_active\" data-vc-content=\".vc_tta-panel-body\">\n<div class=\"vc_tta-panel-body\">\n<p class=\"vc_custom_heading\">La longueur d'onde Nd:YAG 1064 est caract\u00e9ris\u00e9e par une absorption de m\u00e9lanine plus faible, ce qui en fait une solution cibl\u00e9e pour les types de peau plus fonc\u00e9s. En m\u00eame temps, la longueur d'onde 1064 nm offre la plus grande p\u00e9n\u00e9tration du follicule pileux, ce qui lui permet de cibler le bulbe et la papille, ainsi que de traiter les poils profond\u00e9ment enfonc\u00e9s dans des zones telles que le cuir chevelu, les zones d 'aisseles et du pubis. Avec une absorption d'eau plus \u00e9lev\u00e9e g\u00e9n\u00e9rant une temp\u00e9rature plus \u00e9lev\u00e9e, l'incorporation de la longueur d'onde de 1064 nm augmente le profil thermique de l'ensemble du traitement laser pour une \u00e9pilation plus efficace.<\/p>\n<\/div>\n<\/div>\n<\/div>\n<\/div>\n<\/div>\n<\/div>\n<\/div>\n<\/div>\n<\/div>\n<\/div>\n<\/div>\n<\/div><\/div><\/div><\/div><\/div><\/div><div class=\"vc_row wpb_row vc_row-fluid\"><div class=\"wpb_column vc_column_container vc_col-sm-12\"><div class=\"vc_column-inner\"><div class=\"wpb_wrapper\"><header class=\"kd-section-title col-lg-12 text-center solid-line sep-border-width-1     vc_custom_1583855145236\" ><div class=\"kd-separator above_title\" ><div class=\"kd-separator-line\" ><\/div><\/div><h2 class=\"separator_on\" style=\"color: #bbaa5a;\">UNE TECHNOLOGIE REVOLUTIONNAIRE IN-MOTION\u2122<\/h2><h6 class=\"subtitle\" >SHR is Alma Laser\u2019s proprietary hair removal method used in clinics around the world with global brand recognition<\/h6><\/header><\/div><\/div><\/div><\/div><div class=\"vc_row wpb_row vc_row-fluid vc_custom_1583855342604 vc_row-o-content-middle vc_row-flex\"><div class=\"wpb_column vc_column_container vc_col-sm-3\"><div class=\"vc_column-inner\"><div class=\"wpb_wrapper\"><div class=\"key-icon-box icon-default icon-top cont-center ib-no-effect\" style=\"background-color: transparent;\" ><i class=\"iconsmind-Idea-2\" style=\" \"><\/i> <h5 class=\"service-heading\" style=\"color: #5f9bbd;\">Comment \u00e7a marche<\/h5><\/div><\/div><\/div><\/div><div class=\"wpb_column vc_column_container vc_col-sm-9\"><div class=\"vc_column-inner\"><div class=\"wpb_wrapper\"><p style=\"text-align: left\" class=\"vc_custom_heading vc_do_custom_heading\" >Le Soprano ICE Platinum int\u00e8gre la m\u00e9thode SHR (Super Hair Removal) d'Alma, qui garantit une \u00e9pilation s\u00fbre et confortable. Plut\u00f4t que d'exposer les follicules pileux \u00e0 une seule impulsion \u00e0 haute \u00e9nergie qui peut causer une blessure de la peau, la SHR fonctionne en chauffant progressivement la peau \u00e0 une temp\u00e9rature qui endommage efficacement les follicules pileux et emp\u00eache la repousse, tout en \u00e9vitant de blesser les tissus environnants.<\/p>\n<p>Une r\u00e9p\u00e9tition \u00e9lev\u00e9e de courtes impulsions est \u00e9mise profond\u00e9ment dans la peau, ce qui permet d'obtenir une puissance moyenne \u00e9lev\u00e9e et une accumulation de chaleur th\u00e9rapeutiquement efficace. La technique de balayage In-motionTM, qui consiste \u00e0 d\u00e9placer r\u00e9p\u00e9titivement l'applicateur sur la zone \u00e0 traiter, assure une couvrance compl\u00e8te tandis que la technologie ICETM refroidit la surface de la peau, ce qui pr\u00e9vient les br\u00fblures superficielles et permet une \u00e9pilation pratiquement indolore mais tr\u00e8s efficace.<\/p><\/div><\/div><\/div><\/div><div class=\"vc_row wpb_row vc_row-fluid vc_custom_1583855342604 vc_row-o-content-middle vc_row-flex\"><div class=\"wpb_column vc_column_container vc_col-sm-3\"><div class=\"vc_column-inner\"><div class=\"wpb_wrapper\"><div class=\"key-icon-box icon-default icon-top cont-center ib-no-effect\" style=\"background-color: transparent;\" ><i class=\"iconsmind-Like\" style=\" \"><\/i> <h5 class=\"service-heading\" style=\"color: #5f9bbd;\">Les avantages de l'\u00e9pilation avec le SHR<\/h5><\/div><\/div><\/div><\/div><div class=\"wpb_column vc_column_container vc_col-sm-9\"><div class=\"vc_column-inner\"><div class=\"wpb_wrapper\"><p style=\"text-align: left\" class=\"vc_custom_heading vc_do_custom_heading\" >L'\u00e9pilation SHR n\u00e9cessite moins d'\u00e9nergie que les techniques d'\u00e9pilation comparables. L'\u00e9nergie n'est transmise qu'\u00e0 50 % par le pigment de la m\u00e9lanine, les 50 % restants de l'\u00e9nergie agissant sur les cellules souches. Celles-ci sont responsables de la nutrition de la racine du poil. La prot\u00e9ine contenue dans les cellules souches se d\u00e9nature. Par cons\u00e9quent, elles ne peuvent plus fournir de nutriments \u00e0 la racine des cheveux.<\/p><\/div><\/div><\/div><\/div><div class=\"vc_row wpb_row vc_row-fluid vc_custom_1583855757107\"><div class=\"wpb_column vc_column_container vc_col-sm-12\"><div class=\"vc_column-inner\"><div class=\"wpb_wrapper\"><a  href=\"https:\/\/www.alma-soprano.com\/soprano-ice-platinum\/\"  target=\"_blank\"  title=\"\" class=\"tt_button tt_primary_button btn_primary_color  button-center button-action-link\" ><span class=\"prim_text\">En apprendre plus<\/span><\/a><\/div><\/div><\/div><\/div>\n<\/div>","protected":false},"excerpt":{"rendered":"Soprano ice Platinum offers a simple definite solution for hair-free skinAbout The Laser This laser emits 3 wavelengths through 1 [...]","protected":false},"author":1,"featured_media":8264,"parent":0,"menu_order":0,"comment_status":"closed","ping_status":"closed","template":"","meta":{"footnotes":""},"class_list":["post-5734","page","type-page","status-publish","has-post-thumbnail","hentry"],"yoast_head":"<!-- This site is optimized with the Yoast SEO plugin v27.4 - https:\/\/yoast.com\/product\/yoast-seo-wordpress\/ -->\n<title>Soprano - Skin Medical Laser<\/title>\n<meta name=\"robots\" content=\"index, follow, max-snippet:-1, max-image-preview:large, max-video-preview:-1\" \/>\n<link rel=\"canonical\" href=\"https:\/\/www.skinmedicallaser.com\/fr\/soprano-ice-platinum\/\" \/>\n<meta property=\"og:locale\" content=\"fr_FR\" \/>\n<meta property=\"og:type\" content=\"article\" \/>\n<meta property=\"og:title\" content=\"Soprano - Skin Medical Laser\" \/>\n<meta property=\"og:url\" content=\"https:\/\/www.skinmedicallaser.com\/fr\/soprano-ice-platinum\/\" \/>\n<meta property=\"og:site_name\" content=\"Skin Medical Laser\" \/>\n<meta property=\"article:publisher\" content=\"https:\/\/www.facebook.com\/pg\/Skin-Medical-Laser-102740147984583\" \/>\n<meta property=\"article:modified_time\" content=\"2024-02-27T08:28:38+00:00\" \/>\n<meta property=\"og:image\" content=\"http:\/\/www.skinmedicallaser.com\/wp-content\/uploads\/2024\/02\/skinmedicallaser-soprano-slider.jpg\" \/>\n\t<meta property=\"og:image:width\" content=\"1920\" \/>\n\t<meta property=\"og:image:height\" content=\"1080\" \/>\n\t<meta property=\"og:image:type\" content=\"image\/jpeg\" \/>\n<meta name=\"twitter:card\" content=\"summary_large_image\" \/>\n<meta name=\"twitter:label1\" content=\"Dur\u00e9e de lecture estim\u00e9e\" \/>\n\t<meta name=\"twitter:data1\" content=\"4 minutes\" \/>\n<script type=\"application\/ld+json\" class=\"yoast-schema-graph\">{\"@context\":\"https:\\\/\\\/schema.org\",\"@graph\":[{\"@type\":\"WebPage\",\"@id\":\"https:\\\/\\\/www.skinmedicallaser.com\\\/soprano-ice-platinum\\\/\",\"url\":\"https:\\\/\\\/www.skinmedicallaser.com\\\/soprano-ice-platinum\\\/\",\"name\":\"Soprano - Skin Medical Laser\",\"isPartOf\":{\"@id\":\"https:\\\/\\\/www.skinmedicallaser.com\\\/#website\"},\"primaryImageOfPage\":{\"@id\":\"https:\\\/\\\/www.skinmedicallaser.com\\\/soprano-ice-platinum\\\/#primaryimage\"},\"image\":{\"@id\":\"https:\\\/\\\/www.skinmedicallaser.com\\\/soprano-ice-platinum\\\/#primaryimage\"},\"thumbnailUrl\":\"https:\\\/\\\/www.skinmedicallaser.com\\\/wp-content\\\/uploads\\\/2024\\\/02\\\/skinmedicallaser-soprano-slider.jpg\",\"datePublished\":\"2018-10-22T13:46:39+00:00\",\"dateModified\":\"2024-02-27T08:28:38+00:00\",\"breadcrumb\":{\"@id\":\"https:\\\/\\\/www.skinmedicallaser.com\\\/soprano-ice-platinum\\\/#breadcrumb\"},\"inLanguage\":\"fr-FR\",\"potentialAction\":[{\"@type\":\"ReadAction\",\"target\":[\"https:\\\/\\\/www.skinmedicallaser.com\\\/soprano-ice-platinum\\\/\"]}]},{\"@type\":\"ImageObject\",\"inLanguage\":\"fr-FR\",\"@id\":\"https:\\\/\\\/www.skinmedicallaser.com\\\/soprano-ice-platinum\\\/#primaryimage\",\"url\":\"https:\\\/\\\/www.skinmedicallaser.com\\\/wp-content\\\/uploads\\\/2024\\\/02\\\/skinmedicallaser-soprano-slider.jpg\",\"contentUrl\":\"https:\\\/\\\/www.skinmedicallaser.com\\\/wp-content\\\/uploads\\\/2024\\\/02\\\/skinmedicallaser-soprano-slider.jpg\",\"width\":1920,\"height\":1080,\"caption\":\"skinmedicallaser soprano slider\"},{\"@type\":\"BreadcrumbList\",\"@id\":\"https:\\\/\\\/www.skinmedicallaser.com\\\/soprano-ice-platinum\\\/#breadcrumb\",\"itemListElement\":[{\"@type\":\"ListItem\",\"position\":1,\"name\":\"Home\",\"item\":\"https:\\\/\\\/www.skinmedicallaser.com\\\/\"},{\"@type\":\"ListItem\",\"position\":2,\"name\":\"Soprano\"}]},{\"@type\":\"WebSite\",\"@id\":\"https:\\\/\\\/www.skinmedicallaser.com\\\/#website\",\"url\":\"https:\\\/\\\/www.skinmedicallaser.com\\\/\",\"name\":\"Skin Medical Laser\",\"description\":\"Virtually Painless Hair Removal\",\"publisher\":{\"@id\":\"https:\\\/\\\/www.skinmedicallaser.com\\\/#organization\"},\"potentialAction\":[{\"@type\":\"SearchAction\",\"target\":{\"@type\":\"EntryPoint\",\"urlTemplate\":\"https:\\\/\\\/www.skinmedicallaser.com\\\/?s={search_term_string}\"},\"query-input\":{\"@type\":\"PropertyValueSpecification\",\"valueRequired\":true,\"valueName\":\"search_term_string\"}}],\"inLanguage\":\"fr-FR\"},{\"@type\":\"Organization\",\"@id\":\"https:\\\/\\\/www.skinmedicallaser.com\\\/#organization\",\"name\":\"Skin Medical Laser\",\"url\":\"https:\\\/\\\/www.skinmedicallaser.com\\\/\",\"logo\":{\"@type\":\"ImageObject\",\"inLanguage\":\"fr-FR\",\"@id\":\"https:\\\/\\\/www.skinmedicallaser.com\\\/#\\\/schema\\\/logo\\\/image\\\/\",\"url\":\"https:\\\/\\\/secureservercdn.net\\\/160.153.138.219\\\/sjz.7ca.myftpupload.com\\\/wp-content\\\/uploads\\\/2020\\\/03\\\/mobile_logo.png?time=1623429131\",\"contentUrl\":\"https:\\\/\\\/secureservercdn.net\\\/160.153.138.219\\\/sjz.7ca.myftpupload.com\\\/wp-content\\\/uploads\\\/2020\\\/03\\\/mobile_logo.png?time=1623429131\",\"width\":150,\"height\":150,\"caption\":\"Skin Medical Laser\"},\"image\":{\"@id\":\"https:\\\/\\\/www.skinmedicallaser.com\\\/#\\\/schema\\\/logo\\\/image\\\/\"},\"sameAs\":[\"https:\\\/\\\/www.facebook.com\\\/pg\\\/Skin-Medical-Laser-102740147984583\"]}]}<\/script>\n<!-- \/ Yoast SEO plugin. -->","yoast_head_json":{"title":"Soprano - Skin Medical Laser","robots":{"index":"index","follow":"follow","max-snippet":"max-snippet:-1","max-image-preview":"max-image-preview:large","max-video-preview":"max-video-preview:-1"},"canonical":"https:\/\/www.skinmedicallaser.com\/fr\/soprano-ice-platinum\/","og_locale":"fr_FR","og_type":"article","og_title":"Soprano - Skin Medical Laser","og_url":"https:\/\/www.skinmedicallaser.com\/fr\/soprano-ice-platinum\/","og_site_name":"Skin Medical Laser","article_publisher":"https:\/\/www.facebook.com\/pg\/Skin-Medical-Laser-102740147984583","article_modified_time":"2024-02-27T08:28:38+00:00","og_image":[{"width":1920,"height":1080,"url":"http:\/\/www.skinmedicallaser.com\/wp-content\/uploads\/2024\/02\/skinmedicallaser-soprano-slider.jpg","type":"image\/jpeg"}],"twitter_card":"summary_large_image","twitter_misc":{"Dur\u00e9e de lecture estim\u00e9e":"4 minutes"},"schema":{"@context":"https:\/\/schema.org","@graph":[{"@type":"WebPage","@id":"https:\/\/www.skinmedicallaser.com\/soprano-ice-platinum\/","url":"https:\/\/www.skinmedicallaser.com\/soprano-ice-platinum\/","name":"Soprano - Skin Medical Laser","isPartOf":{"@id":"https:\/\/www.skinmedicallaser.com\/#website"},"primaryImageOfPage":{"@id":"https:\/\/www.skinmedicallaser.com\/soprano-ice-platinum\/#primaryimage"},"image":{"@id":"https:\/\/www.skinmedicallaser.com\/soprano-ice-platinum\/#primaryimage"},"thumbnailUrl":"https:\/\/www.skinmedicallaser.com\/wp-content\/uploads\/2024\/02\/skinmedicallaser-soprano-slider.jpg","datePublished":"2018-10-22T13:46:39+00:00","dateModified":"2024-02-27T08:28:38+00:00","breadcrumb":{"@id":"https:\/\/www.skinmedicallaser.com\/soprano-ice-platinum\/#breadcrumb"},"inLanguage":"fr-FR","potentialAction":[{"@type":"ReadAction","target":["https:\/\/www.skinmedicallaser.com\/soprano-ice-platinum\/"]}]},{"@type":"ImageObject","inLanguage":"fr-FR","@id":"https:\/\/www.skinmedicallaser.com\/soprano-ice-platinum\/#primaryimage","url":"https:\/\/www.skinmedicallaser.com\/wp-content\/uploads\/2024\/02\/skinmedicallaser-soprano-slider.jpg","contentUrl":"https:\/\/www.skinmedicallaser.com\/wp-content\/uploads\/2024\/02\/skinmedicallaser-soprano-slider.jpg","width":1920,"height":1080,"caption":"skinmedicallaser soprano slider"},{"@type":"BreadcrumbList","@id":"https:\/\/www.skinmedicallaser.com\/soprano-ice-platinum\/#breadcrumb","itemListElement":[{"@type":"ListItem","position":1,"name":"Home","item":"https:\/\/www.skinmedicallaser.com\/"},{"@type":"ListItem","position":2,"name":"Soprano"}]},{"@type":"WebSite","@id":"https:\/\/www.skinmedicallaser.com\/#website","url":"https:\/\/www.skinmedicallaser.com\/","name":"Skin Medical Laser","description":"Virtually Painless Hair Removal","publisher":{"@id":"https:\/\/www.skinmedicallaser.com\/#organization"},"potentialAction":[{"@type":"SearchAction","target":{"@type":"EntryPoint","urlTemplate":"https:\/\/www.skinmedicallaser.com\/?s={search_term_string}"},"query-input":{"@type":"PropertyValueSpecification","valueRequired":true,"valueName":"search_term_string"}}],"inLanguage":"fr-FR"},{"@type":"Organization","@id":"https:\/\/www.skinmedicallaser.com\/#organization","name":"Skin Medical Laser","url":"https:\/\/www.skinmedicallaser.com\/","logo":{"@type":"ImageObject","inLanguage":"fr-FR","@id":"https:\/\/www.skinmedicallaser.com\/#\/schema\/logo\/image\/","url":"https:\/\/secureservercdn.net\/160.153.138.219\/sjz.7ca.myftpupload.com\/wp-content\/uploads\/2020\/03\/mobile_logo.png?time=1623429131","contentUrl":"https:\/\/secureservercdn.net\/160.153.138.219\/sjz.7ca.myftpupload.com\/wp-content\/uploads\/2020\/03\/mobile_logo.png?time=1623429131","width":150,"height":150,"caption":"Skin Medical Laser"},"image":{"@id":"https:\/\/www.skinmedicallaser.com\/#\/schema\/logo\/image\/"},"sameAs":["https:\/\/www.facebook.com\/pg\/Skin-Medical-Laser-102740147984583"]}]}},"_links":{"self":[{"href":"https:\/\/www.skinmedicallaser.com\/fr\/wp-json\/wp\/v2\/pages\/5734","targetHints":{"allow":["GET"]}}],"collection":[{"href":"https:\/\/www.skinmedicallaser.com\/fr\/wp-json\/wp\/v2\/pages"}],"about":[{"href":"https:\/\/www.skinmedicallaser.com\/fr\/wp-json\/wp\/v2\/types\/page"}],"author":[{"embeddable":true,"href":"https:\/\/www.skinmedicallaser.com\/fr\/wp-json\/wp\/v2\/users\/1"}],"replies":[{"embeddable":true,"href":"https:\/\/www.skinmedicallaser.com\/fr\/wp-json\/wp\/v2\/comments?post=5734"}],"version-history":[{"count":2,"href":"https:\/\/www.skinmedicallaser.com\/fr\/wp-json\/wp\/v2\/pages\/5734\/revisions"}],"predecessor-version":[{"id":8267,"href":"https:\/\/www.skinmedicallaser.com\/fr\/wp-json\/wp\/v2\/pages\/5734\/revisions\/8267"}],"wp:featuredmedia":[{"embeddable":true,"href":"https:\/\/www.skinmedicallaser.com\/fr\/wp-json\/wp\/v2\/media\/8264"}],"wp:attachment":[{"href":"https:\/\/www.skinmedicallaser.com\/fr\/wp-json\/wp\/v2\/media?parent=5734"}],"curies":[{"name":"wp","href":"https:\/\/api.w.org\/{rel}","templated":true}]}}