{"id":5760,"date":"2018-10-22T13:49:29","date_gmt":"2018-10-22T13:49:29","guid":{"rendered":"https:\/\/www.ekko-wp.com\/?page_id=5760"},"modified":"2024-02-27T08:21:00","modified_gmt":"2024-02-27T08:21:00","slug":"treatment","status":"publish","type":"page","link":"https:\/\/www.skinmedicallaser.com\/fr\/treatment\/","title":{"rendered":"Traitement"},"content":{"rendered":"<div class=\"wpb-content-wrapper\"><div class=\"vc_row wpb_row vc_row-fluid\"><div class=\"wpb_column vc_column_container vc_col-sm-12\"><div class=\"vc_column-inner\"><div class=\"wpb_wrapper\"><div class=\"feature-sections-wrapper kd-fsp-69e3128ac0972\">\r\n            <section class=\"feature-sections-tabs with-sticky-topbar\">\r\n              <nav class=\"kd-feature-tabs\">\r\n                <ul class=\"nav nav-tabs sticky-tabs container\">\r\n                <\/ul>\r\n              <\/nav>\r\n            <\/section>\r\n            <section id=\"kd-fss-69e3128ac09e5\" class=\"featured-right\"><li class=\"nav-label\"><a class=\"feature-tabs-scroll\" href=\"#kd-fss-69e3128ac09e5\"><i class=\"fss-nav-icon\" style=\" \"><\/i> Pratiquement indolore<\/a><\/li><div class=\"container\">\r\n                <div class=\"side-content-wrapper\" ><i class=\"section-icon\" style=\" \"><\/i> <h2 class=\"side-content-title\" >Pratiquement indolore<\/h2><div class=\"side-content-text\" ><p>Un probl\u00e8me vieux comme le monde: se d\u00e9barrasser des poils ind\u00e9sirables, l'\u00e9pilation \u00e0 long terme \u00e9tant particuli\u00e8rement difficile. Avec la m\u00e9thode Super Hair Removal (SHR), le Soprano Ice Platinum Laser utilise une technologie r\u00e9volutionnaire pour offrir une solution simple et unique pour une \u00e9pilation remarquable et efficace. SHR utilise une technique unique d' \u00e9chauffement progressif qui cible les follicules pileux tout en \u00e9vitant de blesser la peau autour.<\/p>\n<ul>\n<li>La technique de balayage In-Motion \u00e0 balayage maintient le laser en mouvement constant, ce qui assure une couvrance compl\u00e8te.<\/li>\n<li>Le refroidissement par contact simultan\u00e9 pr\u00e9vient les br\u00fblures et permet un traitement plus d\u00e9tendu. De plus, un applicateur sp\u00e9cialis\u00e9 permet \u00e0 votre m\u00e9decin de traiter de grandes surfaces en moins de temps.<\/li>\n<li>\u00c7a n' a pas d' importance si vous avez une peau claire, fonc\u00e9e ou bronz\u00e9e, des poils \u00e9pais ou tr\u00e8s fins, nous r\u00e9alisons une \u00e9pilation d\u00e9finitive pour toutes les zones du corps qui est <span style=\"color: bbaa5a;\"><strong>s\u00fbre<\/strong><\/span>, rapide, et qui mieux est , pratiquement <span style=\"color: bbaa5a;\"><strong>indolore.<\/strong><\/span>.<\/li>\n<\/ul>\n<p>\n<\/div><div class=\"side-content-link sc-primary-btn\"><a href=\"https:\/\/www.sopranoplatinum.com\/how-it-works\/\" target=\"_blank\" title=\"En apprendre plus\" class=\"tt_button tt_primary_button btn_primary_color button-action-link\">En apprendre plus<\/a><\/div><\/div><div class=\"side-featured-wrapper fss-organic-1-rotate  fss-shadow-image\" >\r\n      <div class=\"featured-image\"><img fetchpriority=\"high\" decoding=\"async\" width=\"1728\" height=\"2592\" src=\"https:\/\/www.skinmedicallaser.com\/wp-content\/uploads\/2024\/02\/skinmedicallaser-Soprano-Ice-Platinum.png\" class=\"attachment-full\" alt=\"skinmedicallaser Soprano Ice Platinum\" title=\"skinmedicallaser Soprano Ice Platinum\" srcset=\"https:\/\/www.skinmedicallaser.com\/wp-content\/uploads\/2024\/02\/skinmedicallaser-Soprano-Ice-Platinum.png 1728w, https:\/\/www.skinmedicallaser.com\/wp-content\/uploads\/2024\/02\/skinmedicallaser-Soprano-Ice-Platinum-200x300.png 200w, https:\/\/www.skinmedicallaser.com\/wp-content\/uploads\/2024\/02\/skinmedicallaser-Soprano-Ice-Platinum-683x1024.png 683w, https:\/\/www.skinmedicallaser.com\/wp-content\/uploads\/2024\/02\/skinmedicallaser-Soprano-Ice-Platinum-768x1152.png 768w, https:\/\/www.skinmedicallaser.com\/wp-content\/uploads\/2024\/02\/skinmedicallaser-Soprano-Ice-Platinum-1024x1536.png 1024w, https:\/\/www.skinmedicallaser.com\/wp-content\/uploads\/2024\/02\/skinmedicallaser-Soprano-Ice-Platinum-1365x2048.png 1365w, https:\/\/www.skinmedicallaser.com\/wp-content\/uploads\/2024\/02\/skinmedicallaser-Soprano-Ice-Platinum-8x12.png 8w\" sizes=\"(max-width: 1728px) 100vw, 1728px\" \/><\/div>\r\n    <\/div><\/div>\r\n            <\/section><section id=\"kd-fss-69e3128ac0d29\" class=\"featured-left\"><li class=\"nav-label\"><a class=\"feature-tabs-scroll\" href=\"#kd-fss-69e3128ac0d29\"><i class=\"iconsmind-Doctor fss-nav-icon\" style=\" \"><\/i> A Propos de la s\u00e9ance<\/a><\/li><div class=\"container\">\r\n                <div class=\"side-content-wrapper\" ><i class=\"section-icon\" style=\" \"><\/i> <h2 class=\"side-content-title\" >A Propos de la s\u00e9ance<\/h2><div class=\"side-content-text\" ><\/p>\n<ul>\n<li>Vous devez utiliser une cr\u00e8me d\u00e9pilatoire ou raser la zone avant la s\u00e9ance (2 jours avant si vous appliquez une cr\u00e8me d\u00e9pilatoire et 1 jour avant si vous vous rasez).<\/li>\n<li>Evitez l\u2019 \u00e9pilation \u00e0 la cire 3 semaines avant la s\u00e9ance.<\/li>\n<li>\u00c9vitez l'exposition au soleil, le solarium ou la cr\u00e8me autobronzane 7 jours avant et 7 jours apr\u00e8s la s\u00e9ance.<\/li>\n<li>Apr\u00e8s la s\u00e9ance, on s'attend \u00e0 une l\u00e9g\u00e8re rougeur de la zone trait\u00e9e. Cela dispara\u00eet dans les heures qui suivent.<\/li>\n<li>Apr\u00e8s la s\u00e9ance, les poils d\u00e9truits par le laser sortent, <strong>pour tomber d\u00e9finitivement<\/strong> dans les 15 jours qui suivent.<\/li>\n<\/ul>\n<p>\n<\/div><\/div><div class=\"side-featured-wrapper fss-organic-1  fss-shadow-image\" >\r\n      <div class=\"featured-image\"><img decoding=\"async\" width=\"2560\" height=\"1707\" src=\"https:\/\/www.skinmedicallaser.com\/wp-content\/uploads\/2024\/02\/skinmedicallaser-session.jpg\" class=\"attachment-full\" alt=\"skinmedicallaser session\" title=\"skinmedicallaser session\" srcset=\"https:\/\/www.skinmedicallaser.com\/wp-content\/uploads\/2024\/02\/skinmedicallaser-session.jpg 2560w, https:\/\/www.skinmedicallaser.com\/wp-content\/uploads\/2024\/02\/skinmedicallaser-session-300x200.jpg 300w, https:\/\/www.skinmedicallaser.com\/wp-content\/uploads\/2024\/02\/skinmedicallaser-session-1024x683.jpg 1024w, https:\/\/www.skinmedicallaser.com\/wp-content\/uploads\/2024\/02\/skinmedicallaser-session-768x512.jpg 768w, https:\/\/www.skinmedicallaser.com\/wp-content\/uploads\/2024\/02\/skinmedicallaser-session-1536x1024.jpg 1536w, https:\/\/www.skinmedicallaser.com\/wp-content\/uploads\/2024\/02\/skinmedicallaser-session-2048x1366.jpg 2048w, https:\/\/www.skinmedicallaser.com\/wp-content\/uploads\/2024\/02\/skinmedicallaser-session-18x12.jpg 18w\" sizes=\"(max-width: 2560px) 100vw, 2560px\" \/><\/div>\r\n    <\/div><\/div>\r\n            <\/section>\r\n            <\/div><style type=\"text\/css\"><\/style><\/div><\/div><\/div><\/div><div class=\"vc_row wpb_row vc_row-fluid\"><div class=\"wpb_column vc_column_container vc_col-sm-12\"><div class=\"vc_column-inner\"><div class=\"wpb_wrapper\"><header class=\"kd-section-title col-lg-12 text-center     vc_custom_1583752498359\" ><h4 class=\"separator_off\" >Nombre moyen de s\u00e9ances n\u00e9cessaires pour obtenir un r\u00e9sultat d\u00e9finitif : 6-8<\/h4><h6 class=\"subtitle\" >Pourquoi 6-8:<\/h6><\/header>\n\t<div class=\"wpb_text_column wpb_content_element vc_custom_1583873007198\" >\n\t\t<div class=\"wpb_wrapper\">\n\t\t\t<p style=\"text-align: center;\">Le laser d\u00e9truit les poils en phase de croissance. Les poils d'une zone ne sont pas dans la m\u00eame phase au m\u00eame moment.<\/p>\n\n\t\t<\/div>\n\t<\/div>\n<a  href=\"\"   class=\"tt_button tt_primary_button btn_primary_color  button-center button-action-link   testPopup\" ><span class=\"prim_text\">En apprendre plus<\/span><\/a><\/div><\/div><\/div><\/div>\n<\/div>","protected":false},"excerpt":{"rendered":"Virtually Painless Virtually PainlessAn issue as old as time, getting rid of unwanted hair, with long term hair removal being [...]","protected":false},"author":1,"featured_media":8258,"parent":0,"menu_order":0,"comment_status":"closed","ping_status":"closed","template":"","meta":{"footnotes":""},"class_list":["post-5760","page","type-page","status-publish","has-post-thumbnail","hentry"],"yoast_head":"<!-- This site is optimized with the Yoast SEO plugin v27.4 - https:\/\/yoast.com\/product\/yoast-seo-wordpress\/ -->\n<title>Treatment - Skin Medical Laser<\/title>\n<meta name=\"robots\" content=\"index, follow, max-snippet:-1, max-image-preview:large, max-video-preview:-1\" \/>\n<link rel=\"canonical\" href=\"https:\/\/www.skinmedicallaser.com\/fr\/treatment\/\" \/>\n<meta property=\"og:locale\" content=\"fr_FR\" \/>\n<meta property=\"og:type\" content=\"article\" \/>\n<meta property=\"og:title\" content=\"Treatment - Skin Medical Laser\" \/>\n<meta property=\"og:url\" content=\"https:\/\/www.skinmedicallaser.com\/fr\/treatment\/\" \/>\n<meta property=\"og:site_name\" content=\"Skin Medical Laser\" \/>\n<meta property=\"article:publisher\" content=\"https:\/\/www.facebook.com\/pg\/Skin-Medical-Laser-102740147984583\" \/>\n<meta property=\"article:modified_time\" content=\"2024-02-27T08:21:00+00:00\" \/>\n<meta property=\"og:image\" content=\"http:\/\/www.skinmedicallaser.com\/wp-content\/uploads\/2024\/02\/skinmedicallaser-treatment.jpg\" \/>\n\t<meta property=\"og:image:width\" content=\"1920\" \/>\n\t<meta property=\"og:image:height\" content=\"1080\" \/>\n\t<meta property=\"og:image:type\" content=\"image\/jpeg\" \/>\n<meta name=\"twitter:card\" content=\"summary_large_image\" \/>\n<meta name=\"twitter:label1\" content=\"Dur\u00e9e de lecture estim\u00e9e\" \/>\n\t<meta name=\"twitter:data1\" content=\"3 minutes\" \/>\n<script type=\"application\/ld+json\" class=\"yoast-schema-graph\">{\"@context\":\"https:\\\/\\\/schema.org\",\"@graph\":[{\"@type\":\"WebPage\",\"@id\":\"https:\\\/\\\/www.skinmedicallaser.com\\\/treatment\\\/\",\"url\":\"https:\\\/\\\/www.skinmedicallaser.com\\\/treatment\\\/\",\"name\":\"Treatment - Skin Medical Laser\",\"isPartOf\":{\"@id\":\"https:\\\/\\\/www.skinmedicallaser.com\\\/#website\"},\"primaryImageOfPage\":{\"@id\":\"https:\\\/\\\/www.skinmedicallaser.com\\\/treatment\\\/#primaryimage\"},\"image\":{\"@id\":\"https:\\\/\\\/www.skinmedicallaser.com\\\/treatment\\\/#primaryimage\"},\"thumbnailUrl\":\"https:\\\/\\\/www.skinmedicallaser.com\\\/wp-content\\\/uploads\\\/2024\\\/02\\\/skinmedicallaser-treatment.jpg\",\"datePublished\":\"2018-10-22T13:49:29+00:00\",\"dateModified\":\"2024-02-27T08:21:00+00:00\",\"breadcrumb\":{\"@id\":\"https:\\\/\\\/www.skinmedicallaser.com\\\/treatment\\\/#breadcrumb\"},\"inLanguage\":\"fr-FR\",\"potentialAction\":[{\"@type\":\"ReadAction\",\"target\":[\"https:\\\/\\\/www.skinmedicallaser.com\\\/treatment\\\/\"]}]},{\"@type\":\"ImageObject\",\"inLanguage\":\"fr-FR\",\"@id\":\"https:\\\/\\\/www.skinmedicallaser.com\\\/treatment\\\/#primaryimage\",\"url\":\"https:\\\/\\\/www.skinmedicallaser.com\\\/wp-content\\\/uploads\\\/2024\\\/02\\\/skinmedicallaser-treatment.jpg\",\"contentUrl\":\"https:\\\/\\\/www.skinmedicallaser.com\\\/wp-content\\\/uploads\\\/2024\\\/02\\\/skinmedicallaser-treatment.jpg\",\"width\":1920,\"height\":1080,\"caption\":\"skinmedicallaser treatment\"},{\"@type\":\"BreadcrumbList\",\"@id\":\"https:\\\/\\\/www.skinmedicallaser.com\\\/treatment\\\/#breadcrumb\",\"itemListElement\":[{\"@type\":\"ListItem\",\"position\":1,\"name\":\"Home\",\"item\":\"https:\\\/\\\/www.skinmedicallaser.com\\\/\"},{\"@type\":\"ListItem\",\"position\":2,\"name\":\"Treatment\"}]},{\"@type\":\"WebSite\",\"@id\":\"https:\\\/\\\/www.skinmedicallaser.com\\\/#website\",\"url\":\"https:\\\/\\\/www.skinmedicallaser.com\\\/\",\"name\":\"Skin Medical Laser\",\"description\":\"Virtually Painless Hair Removal\",\"publisher\":{\"@id\":\"https:\\\/\\\/www.skinmedicallaser.com\\\/#organization\"},\"potentialAction\":[{\"@type\":\"SearchAction\",\"target\":{\"@type\":\"EntryPoint\",\"urlTemplate\":\"https:\\\/\\\/www.skinmedicallaser.com\\\/?s={search_term_string}\"},\"query-input\":{\"@type\":\"PropertyValueSpecification\",\"valueRequired\":true,\"valueName\":\"search_term_string\"}}],\"inLanguage\":\"fr-FR\"},{\"@type\":\"Organization\",\"@id\":\"https:\\\/\\\/www.skinmedicallaser.com\\\/#organization\",\"name\":\"Skin Medical Laser\",\"url\":\"https:\\\/\\\/www.skinmedicallaser.com\\\/\",\"logo\":{\"@type\":\"ImageObject\",\"inLanguage\":\"fr-FR\",\"@id\":\"https:\\\/\\\/www.skinmedicallaser.com\\\/#\\\/schema\\\/logo\\\/image\\\/\",\"url\":\"https:\\\/\\\/secureservercdn.net\\\/160.153.138.219\\\/sjz.7ca.myftpupload.com\\\/wp-content\\\/uploads\\\/2020\\\/03\\\/mobile_logo.png?time=1623429131\",\"contentUrl\":\"https:\\\/\\\/secureservercdn.net\\\/160.153.138.219\\\/sjz.7ca.myftpupload.com\\\/wp-content\\\/uploads\\\/2020\\\/03\\\/mobile_logo.png?time=1623429131\",\"width\":150,\"height\":150,\"caption\":\"Skin Medical Laser\"},\"image\":{\"@id\":\"https:\\\/\\\/www.skinmedicallaser.com\\\/#\\\/schema\\\/logo\\\/image\\\/\"},\"sameAs\":[\"https:\\\/\\\/www.facebook.com\\\/pg\\\/Skin-Medical-Laser-102740147984583\"]}]}<\/script>\n<!-- \/ Yoast SEO plugin. -->","yoast_head_json":{"title":"Treatment - Skin Medical Laser","robots":{"index":"index","follow":"follow","max-snippet":"max-snippet:-1","max-image-preview":"max-image-preview:large","max-video-preview":"max-video-preview:-1"},"canonical":"https:\/\/www.skinmedicallaser.com\/fr\/treatment\/","og_locale":"fr_FR","og_type":"article","og_title":"Treatment - Skin Medical Laser","og_url":"https:\/\/www.skinmedicallaser.com\/fr\/treatment\/","og_site_name":"Skin Medical Laser","article_publisher":"https:\/\/www.facebook.com\/pg\/Skin-Medical-Laser-102740147984583","article_modified_time":"2024-02-27T08:21:00+00:00","og_image":[{"width":1920,"height":1080,"url":"http:\/\/www.skinmedicallaser.com\/wp-content\/uploads\/2024\/02\/skinmedicallaser-treatment.jpg","type":"image\/jpeg"}],"twitter_card":"summary_large_image","twitter_misc":{"Dur\u00e9e de lecture estim\u00e9e":"3 minutes"},"schema":{"@context":"https:\/\/schema.org","@graph":[{"@type":"WebPage","@id":"https:\/\/www.skinmedicallaser.com\/treatment\/","url":"https:\/\/www.skinmedicallaser.com\/treatment\/","name":"Treatment - Skin Medical Laser","isPartOf":{"@id":"https:\/\/www.skinmedicallaser.com\/#website"},"primaryImageOfPage":{"@id":"https:\/\/www.skinmedicallaser.com\/treatment\/#primaryimage"},"image":{"@id":"https:\/\/www.skinmedicallaser.com\/treatment\/#primaryimage"},"thumbnailUrl":"https:\/\/www.skinmedicallaser.com\/wp-content\/uploads\/2024\/02\/skinmedicallaser-treatment.jpg","datePublished":"2018-10-22T13:49:29+00:00","dateModified":"2024-02-27T08:21:00+00:00","breadcrumb":{"@id":"https:\/\/www.skinmedicallaser.com\/treatment\/#breadcrumb"},"inLanguage":"fr-FR","potentialAction":[{"@type":"ReadAction","target":["https:\/\/www.skinmedicallaser.com\/treatment\/"]}]},{"@type":"ImageObject","inLanguage":"fr-FR","@id":"https:\/\/www.skinmedicallaser.com\/treatment\/#primaryimage","url":"https:\/\/www.skinmedicallaser.com\/wp-content\/uploads\/2024\/02\/skinmedicallaser-treatment.jpg","contentUrl":"https:\/\/www.skinmedicallaser.com\/wp-content\/uploads\/2024\/02\/skinmedicallaser-treatment.jpg","width":1920,"height":1080,"caption":"skinmedicallaser treatment"},{"@type":"BreadcrumbList","@id":"https:\/\/www.skinmedicallaser.com\/treatment\/#breadcrumb","itemListElement":[{"@type":"ListItem","position":1,"name":"Home","item":"https:\/\/www.skinmedicallaser.com\/"},{"@type":"ListItem","position":2,"name":"Treatment"}]},{"@type":"WebSite","@id":"https:\/\/www.skinmedicallaser.com\/#website","url":"https:\/\/www.skinmedicallaser.com\/","name":"Skin Medical Laser","description":"Virtually Painless Hair Removal","publisher":{"@id":"https:\/\/www.skinmedicallaser.com\/#organization"},"potentialAction":[{"@type":"SearchAction","target":{"@type":"EntryPoint","urlTemplate":"https:\/\/www.skinmedicallaser.com\/?s={search_term_string}"},"query-input":{"@type":"PropertyValueSpecification","valueRequired":true,"valueName":"search_term_string"}}],"inLanguage":"fr-FR"},{"@type":"Organization","@id":"https:\/\/www.skinmedicallaser.com\/#organization","name":"Skin Medical Laser","url":"https:\/\/www.skinmedicallaser.com\/","logo":{"@type":"ImageObject","inLanguage":"fr-FR","@id":"https:\/\/www.skinmedicallaser.com\/#\/schema\/logo\/image\/","url":"https:\/\/secureservercdn.net\/160.153.138.219\/sjz.7ca.myftpupload.com\/wp-content\/uploads\/2020\/03\/mobile_logo.png?time=1623429131","contentUrl":"https:\/\/secureservercdn.net\/160.153.138.219\/sjz.7ca.myftpupload.com\/wp-content\/uploads\/2020\/03\/mobile_logo.png?time=1623429131","width":150,"height":150,"caption":"Skin Medical Laser"},"image":{"@id":"https:\/\/www.skinmedicallaser.com\/#\/schema\/logo\/image\/"},"sameAs":["https:\/\/www.facebook.com\/pg\/Skin-Medical-Laser-102740147984583"]}]}},"_links":{"self":[{"href":"https:\/\/www.skinmedicallaser.com\/fr\/wp-json\/wp\/v2\/pages\/5760","targetHints":{"allow":["GET"]}}],"collection":[{"href":"https:\/\/www.skinmedicallaser.com\/fr\/wp-json\/wp\/v2\/pages"}],"about":[{"href":"https:\/\/www.skinmedicallaser.com\/fr\/wp-json\/wp\/v2\/types\/page"}],"author":[{"embeddable":true,"href":"https:\/\/www.skinmedicallaser.com\/fr\/wp-json\/wp\/v2\/users\/1"}],"replies":[{"embeddable":true,"href":"https:\/\/www.skinmedicallaser.com\/fr\/wp-json\/wp\/v2\/comments?post=5760"}],"version-history":[{"count":3,"href":"https:\/\/www.skinmedicallaser.com\/fr\/wp-json\/wp\/v2\/pages\/5760\/revisions"}],"predecessor-version":[{"id":8263,"href":"https:\/\/www.skinmedicallaser.com\/fr\/wp-json\/wp\/v2\/pages\/5760\/revisions\/8263"}],"wp:featuredmedia":[{"embeddable":true,"href":"https:\/\/www.skinmedicallaser.com\/fr\/wp-json\/wp\/v2\/media\/8258"}],"wp:attachment":[{"href":"https:\/\/www.skinmedicallaser.com\/fr\/wp-json\/wp\/v2\/media?parent=5760"}],"curies":[{"name":"wp","href":"https:\/\/api.w.org\/{rel}","templated":true}]}}