{"id":5766,"date":"2018-10-22T13:50:05","date_gmt":"2018-10-22T13:50:05","guid":{"rendered":"https:\/\/www.ekko-wp.com\/?page_id=5766"},"modified":"2024-02-27T09:18:12","modified_gmt":"2024-02-27T09:18:12","slug":"faq","status":"publish","type":"page","link":"https:\/\/www.skinmedicallaser.com\/fr\/faq\/","title":{"rendered":"FAQ"},"content":{"rendered":"<div class=\"wpb-content-wrapper\"><div data-vc-full-width=\"true\" data-vc-full-width-init=\"false\" class=\"vc_row wpb_row vc_row-fluid vc_custom_1515751968085 vc_row-has-padding-top\"><div class=\"wpb_column vc_column_container vc_col-sm-12\"><div class=\"vc_column-inner vc_custom_1515752234075\"><div class=\"wpb_wrapper\"><div class=\"vc_row wpb_row vc_inner vc_row-fluid\"><div class=\"wpb_column vc_column_container vc_col-sm-12\"><div class=\"vc_column-inner\"><div class=\"wpb_wrapper\"><header class=\"kd-section-title vc_col-lg-6 vc_col-sm-8 text-center  kd-animated fadeIn   vc_custom_1583788097454\" data-animation-delay=\"200\"><h2 class=\"separator_off\" >QUESTIONS FREQUEMMENT POSEES<\/h2><h6 class=\"subtitle\" >Les questions les plus fr\u00e9quemment pos\u00e9es<\/h6><\/header><\/div><\/div><\/div><\/div><div class=\"vc_row wpb_row vc_inner vc_row-fluid vc_custom_1555681526039 vc_row-has-padding-bottom vc_column-gap-30\"><div class=\"wpb_column vc_column_container vc_col-sm-12 vc_col-lg-6\"><div class=\"vc_column-inner vc_custom_1541160549301\"><div class=\"wpb_wrapper\"><div  class=\"vc_do_toggle vc_toggle vc_toggle_default vc_toggle_color_default  vc_toggle_size_md\"><div class=\"vc_toggle_title\"><h4>1. Est-ce que l'\u00e9pilation avec Soprano ICE Platinum est vraiment sans douleur?<\/h4><i class=\"vc_toggle_icon\"><\/i><\/div><div class=\"vc_toggle_content\"><p>Soprano ICE Platinum utilise la m\u00e9thode SHR d'Alma Laser, qui est la seule m\u00e9thode d'\u00e9pilation au laser cliniquement prouv\u00e9e comme \u00e9tant pratiquement indolore. Cette m\u00e9thode unique d' \u00e9chauffement et de distribution d'\u00e9nergie endommage efficacement le follicule pileux en pr\u00e9venant les blessures et la douleur des tissus environnants. En m\u00eame temps, la technologie ICETM int\u00e9gr\u00e9e refroidit la surface de la peau, ce qui pr\u00e9vient les br\u00fblures superficielles et la sensation de douleur.<sup>TM<\/sup>\u00a0int\u00e9gr\u00e9e refroidit la surface de la peau, ce qui \u00e9vite les br\u00fblures superficielles et la sensation de douleur.<\/p>\n<\/div><\/div><div  class=\"vc_do_toggle vc_toggle vc_toggle_default vc_toggle_color_default  vc_toggle_size_md\"><div class=\"vc_toggle_title\"><h4>2. Est-ce que l'\u00e9pilation avec Soprano ICE Platinum est s\u00e9curis\u00e9e<\/h4><i class=\"vc_toggle_icon\"><\/i><\/div><div class=\"vc_toggle_content\"><p>Absolument. La m\u00e9thode SHR de Soprano ICE a \u00e9t\u00e9 prouv\u00e9e dans de nombreuses \u00e9tudes cliniques comme \u00e9tant la m\u00e9thode d'\u00e9pilation au laser la plus s\u00fbre pour tous les types de peau. Avec la SHR, les follicules pileux sont endommag\u00e9s non pas par une seule impulsion de haute \u00e9nergie qui peut blesser la peau, mais par plusieurs courtes impulsions d'\u00e9nergie r\u00e9p\u00e9titives. Ces impulsions produisent une accumulation de chaleur qui \u00e9l\u00e8ve progressivement la temp\u00e9rature du derme au niveau n\u00e9cessaire pour emp\u00eacher la croissance des poils, tout en minimisant le risque de br\u00fblures.<\/p>\n<\/div><\/div><div  class=\"vc_do_toggle vc_toggle vc_toggle_default vc_toggle_color_default  vc_toggle_size_md\"><div class=\"vc_toggle_title\"><h4>3. De combien de traitements les patients ont-ils g\u00e9n\u00e9ralement besoin pour voir des r\u00e9sultats?<\/h4><i class=\"vc_toggle_icon\"><\/i><\/div><div class=\"vc_toggle_content\"><p>Selon le type de peau et de cheveux du patient, les r\u00e9sultats sont g\u00e9n\u00e9ralement constat\u00e9s apr\u00e8s 4 \u00e0 8 (g\u00e9n\u00e9ralement 6) s\u00e9ances de traitement avec un intervalle de +\/- 1 mois de chacune.<\/p>\n<\/div><\/div><\/div><\/div><\/div><div class=\"wpb_column vc_column_container vc_col-sm-12 vc_col-lg-6\"><div class=\"vc_column-inner vc_custom_1541160556700\"><div class=\"wpb_wrapper\"><div  class=\"vc_do_toggle vc_toggle vc_toggle_default vc_toggle_color_default  vc_toggle_size_md\"><div class=\"vc_toggle_title\"><h4>4. Est-ce que le Soprano ICE Platinum peut-il \u00eatre utilis\u00e9 en \u00e9t\u00e9 et peut-il traiter les peaux bronz\u00e9es ?<\/h4><i class=\"vc_toggle_icon\"><\/i><\/div><div class=\"vc_toggle_content\"><p>Oui. La m\u00e9thode SHR de Soprano ICE agit sur la m\u00e9lanine de la peau selon une m\u00e9thode unique, ce qui permet d'effectuer l'intervention \u00e0 tout moment de l'ann\u00e9e  m\u00eame sur une peau bronz\u00e9e. De plus, l'exposition au soleil ne blesse pas autant la peau apr\u00e8s un traitement SHR.<\/p>\n<\/div><\/div><div  class=\"vc_do_toggle vc_toggle vc_toggle_default vc_toggle_color_default  vc_toggle_size_md\"><div class=\"vc_toggle_title\"><h4>5. L'\u00e9pilation au Soprano ICE Platinum est-elle s\u00fbre pour les peaux fonc\u00e9es ?<\/h4><i class=\"vc_toggle_icon\"><\/i><\/div><div class=\"vc_toggle_content\"><p>Oui. Alors que la m\u00e9lanine de la peau fonc\u00e9e est exponentiellement plus sensible \u00e0 la chaleur utilis\u00e9e dans le traitement laser, la m\u00e9thode SHR de Soprano ICE a \u00e9t\u00e9 cliniquement prouv\u00e9e d' \u00eatre  s\u00fbre pour les types de peau fonc\u00e9es.\u00a0Plut\u00f4t que d'exposer le follicule pileux \u00e0 une seule impulsion \u00e0 haute \u00e9nergie qui peut provoquer une blessure \u00e0 la peau ayant un taux de m\u00e9lanine \u00e9lev\u00e9, SHR chauffe progressivement la peau jusqu'\u00e0 ce que l'\u00e9nergie thermique requise soit d\u00e9livr\u00e9e au follicule pileux. Cela fait l'option d'\u00e9pilation au laser SHR la plus s\u00fbre, y compris pour les patients \u00e0 la peau fonc\u00e9e.<\/p>\n<\/div><\/div><div  class=\"vc_do_toggle vc_toggle vc_toggle_default vc_toggle_color_default  vc_toggle_size_md\"><div class=\"vc_toggle_title\"><h4>6. Quelle est la dur\u00e9e des s\u00e9ances de traitement avec Soprano ICE Platinum ?<\/h4><i class=\"vc_toggle_icon\"><\/i><\/div><div class=\"vc_toggle_content\"><p>Bien que Soprano ICE Platinum offre la solution d'\u00e9pilation au laser la plus rapide disponible aujourd'hui, la dur\u00e9e du traitement peut varier en fonction de la couleur de la peau du patient, du type de poils et de la zone trait\u00e9e. La dur\u00e9e du traitement peut aller de quelques secondes pour une petite zone comme au-dessus de la l\u00e8vre sup\u00e9rieure, \u00e0 8 minutes pour l'ensemble du dos.<\/p>\n<\/div><\/div><\/div><\/div><\/div><\/div><\/div><\/div><\/div><\/div><div class=\"vc_row-full-width vc_clearfix\"><\/div>\n<\/div>","protected":false},"excerpt":{"rendered":"Frequently asked questionsSome of the most common questions you ask1. Is hair removal with Soprano ICE Platinum really painless?Soprano ICE [...]","protected":false},"author":1,"featured_media":8284,"parent":0,"menu_order":0,"comment_status":"closed","ping_status":"closed","template":"","meta":{"footnotes":""},"class_list":["post-5766","page","type-page","status-publish","has-post-thumbnail","hentry"],"yoast_head":"<!-- This site is optimized with the Yoast SEO plugin v27.4 - https:\/\/yoast.com\/product\/yoast-seo-wordpress\/ -->\n<title>FAQ - Skin Medical Laser<\/title>\n<meta name=\"robots\" content=\"index, follow, max-snippet:-1, max-image-preview:large, max-video-preview:-1\" \/>\n<link rel=\"canonical\" href=\"https:\/\/www.skinmedicallaser.com\/fr\/faq\/\" \/>\n<meta property=\"og:locale\" content=\"fr_FR\" \/>\n<meta property=\"og:type\" content=\"article\" \/>\n<meta property=\"og:title\" content=\"FAQ - Skin Medical Laser\" \/>\n<meta property=\"og:url\" content=\"https:\/\/www.skinmedicallaser.com\/fr\/faq\/\" \/>\n<meta property=\"og:site_name\" content=\"Skin Medical Laser\" \/>\n<meta property=\"article:publisher\" content=\"https:\/\/www.facebook.com\/pg\/Skin-Medical-Laser-102740147984583\" \/>\n<meta property=\"article:modified_time\" content=\"2024-02-27T09:18:12+00:00\" \/>\n<meta property=\"og:image\" content=\"http:\/\/www.skinmedicallaser.com\/wp-content\/uploads\/2024\/02\/skinmedicallaser-FAQ-slider.jpg\" \/>\n\t<meta property=\"og:image:width\" content=\"1920\" \/>\n\t<meta property=\"og:image:height\" content=\"1080\" \/>\n\t<meta property=\"og:image:type\" content=\"image\/jpeg\" \/>\n<meta name=\"twitter:card\" content=\"summary_large_image\" \/>\n<meta name=\"twitter:label1\" content=\"Dur\u00e9e de lecture estim\u00e9e\" \/>\n\t<meta name=\"twitter:data1\" content=\"3 minutes\" \/>\n<script type=\"application\/ld+json\" class=\"yoast-schema-graph\">{\"@context\":\"https:\\\/\\\/schema.org\",\"@graph\":[{\"@type\":\"WebPage\",\"@id\":\"https:\\\/\\\/www.skinmedicallaser.com\\\/faq\\\/\",\"url\":\"https:\\\/\\\/www.skinmedicallaser.com\\\/faq\\\/\",\"name\":\"FAQ - Skin Medical Laser\",\"isPartOf\":{\"@id\":\"https:\\\/\\\/www.skinmedicallaser.com\\\/#website\"},\"primaryImageOfPage\":{\"@id\":\"https:\\\/\\\/www.skinmedicallaser.com\\\/faq\\\/#primaryimage\"},\"image\":{\"@id\":\"https:\\\/\\\/www.skinmedicallaser.com\\\/faq\\\/#primaryimage\"},\"thumbnailUrl\":\"https:\\\/\\\/www.skinmedicallaser.com\\\/wp-content\\\/uploads\\\/2024\\\/02\\\/skinmedicallaser-FAQ-slider.jpg\",\"datePublished\":\"2018-10-22T13:50:05+00:00\",\"dateModified\":\"2024-02-27T09:18:12+00:00\",\"breadcrumb\":{\"@id\":\"https:\\\/\\\/www.skinmedicallaser.com\\\/faq\\\/#breadcrumb\"},\"inLanguage\":\"fr-FR\",\"potentialAction\":[{\"@type\":\"ReadAction\",\"target\":[\"https:\\\/\\\/www.skinmedicallaser.com\\\/faq\\\/\"]}]},{\"@type\":\"ImageObject\",\"inLanguage\":\"fr-FR\",\"@id\":\"https:\\\/\\\/www.skinmedicallaser.com\\\/faq\\\/#primaryimage\",\"url\":\"https:\\\/\\\/www.skinmedicallaser.com\\\/wp-content\\\/uploads\\\/2024\\\/02\\\/skinmedicallaser-FAQ-slider.jpg\",\"contentUrl\":\"https:\\\/\\\/www.skinmedicallaser.com\\\/wp-content\\\/uploads\\\/2024\\\/02\\\/skinmedicallaser-FAQ-slider.jpg\",\"width\":1920,\"height\":1080,\"caption\":\"skinmedicallaser FAQ slider\"},{\"@type\":\"BreadcrumbList\",\"@id\":\"https:\\\/\\\/www.skinmedicallaser.com\\\/faq\\\/#breadcrumb\",\"itemListElement\":[{\"@type\":\"ListItem\",\"position\":1,\"name\":\"Home\",\"item\":\"https:\\\/\\\/www.skinmedicallaser.com\\\/\"},{\"@type\":\"ListItem\",\"position\":2,\"name\":\"FAQ\"}]},{\"@type\":\"WebSite\",\"@id\":\"https:\\\/\\\/www.skinmedicallaser.com\\\/#website\",\"url\":\"https:\\\/\\\/www.skinmedicallaser.com\\\/\",\"name\":\"Skin Medical Laser\",\"description\":\"Virtually Painless Hair Removal\",\"publisher\":{\"@id\":\"https:\\\/\\\/www.skinmedicallaser.com\\\/#organization\"},\"potentialAction\":[{\"@type\":\"SearchAction\",\"target\":{\"@type\":\"EntryPoint\",\"urlTemplate\":\"https:\\\/\\\/www.skinmedicallaser.com\\\/?s={search_term_string}\"},\"query-input\":{\"@type\":\"PropertyValueSpecification\",\"valueRequired\":true,\"valueName\":\"search_term_string\"}}],\"inLanguage\":\"fr-FR\"},{\"@type\":\"Organization\",\"@id\":\"https:\\\/\\\/www.skinmedicallaser.com\\\/#organization\",\"name\":\"Skin Medical Laser\",\"url\":\"https:\\\/\\\/www.skinmedicallaser.com\\\/\",\"logo\":{\"@type\":\"ImageObject\",\"inLanguage\":\"fr-FR\",\"@id\":\"https:\\\/\\\/www.skinmedicallaser.com\\\/#\\\/schema\\\/logo\\\/image\\\/\",\"url\":\"https:\\\/\\\/secureservercdn.net\\\/160.153.138.219\\\/sjz.7ca.myftpupload.com\\\/wp-content\\\/uploads\\\/2020\\\/03\\\/mobile_logo.png?time=1623429131\",\"contentUrl\":\"https:\\\/\\\/secureservercdn.net\\\/160.153.138.219\\\/sjz.7ca.myftpupload.com\\\/wp-content\\\/uploads\\\/2020\\\/03\\\/mobile_logo.png?time=1623429131\",\"width\":150,\"height\":150,\"caption\":\"Skin Medical Laser\"},\"image\":{\"@id\":\"https:\\\/\\\/www.skinmedicallaser.com\\\/#\\\/schema\\\/logo\\\/image\\\/\"},\"sameAs\":[\"https:\\\/\\\/www.facebook.com\\\/pg\\\/Skin-Medical-Laser-102740147984583\"]}]}<\/script>\n<!-- \/ Yoast SEO plugin. -->","yoast_head_json":{"title":"FAQ - Skin Medical Laser","robots":{"index":"index","follow":"follow","max-snippet":"max-snippet:-1","max-image-preview":"max-image-preview:large","max-video-preview":"max-video-preview:-1"},"canonical":"https:\/\/www.skinmedicallaser.com\/fr\/faq\/","og_locale":"fr_FR","og_type":"article","og_title":"FAQ - Skin Medical Laser","og_url":"https:\/\/www.skinmedicallaser.com\/fr\/faq\/","og_site_name":"Skin Medical Laser","article_publisher":"https:\/\/www.facebook.com\/pg\/Skin-Medical-Laser-102740147984583","article_modified_time":"2024-02-27T09:18:12+00:00","og_image":[{"width":1920,"height":1080,"url":"http:\/\/www.skinmedicallaser.com\/wp-content\/uploads\/2024\/02\/skinmedicallaser-FAQ-slider.jpg","type":"image\/jpeg"}],"twitter_card":"summary_large_image","twitter_misc":{"Dur\u00e9e de lecture estim\u00e9e":"3 minutes"},"schema":{"@context":"https:\/\/schema.org","@graph":[{"@type":"WebPage","@id":"https:\/\/www.skinmedicallaser.com\/faq\/","url":"https:\/\/www.skinmedicallaser.com\/faq\/","name":"FAQ - Skin Medical Laser","isPartOf":{"@id":"https:\/\/www.skinmedicallaser.com\/#website"},"primaryImageOfPage":{"@id":"https:\/\/www.skinmedicallaser.com\/faq\/#primaryimage"},"image":{"@id":"https:\/\/www.skinmedicallaser.com\/faq\/#primaryimage"},"thumbnailUrl":"https:\/\/www.skinmedicallaser.com\/wp-content\/uploads\/2024\/02\/skinmedicallaser-FAQ-slider.jpg","datePublished":"2018-10-22T13:50:05+00:00","dateModified":"2024-02-27T09:18:12+00:00","breadcrumb":{"@id":"https:\/\/www.skinmedicallaser.com\/faq\/#breadcrumb"},"inLanguage":"fr-FR","potentialAction":[{"@type":"ReadAction","target":["https:\/\/www.skinmedicallaser.com\/faq\/"]}]},{"@type":"ImageObject","inLanguage":"fr-FR","@id":"https:\/\/www.skinmedicallaser.com\/faq\/#primaryimage","url":"https:\/\/www.skinmedicallaser.com\/wp-content\/uploads\/2024\/02\/skinmedicallaser-FAQ-slider.jpg","contentUrl":"https:\/\/www.skinmedicallaser.com\/wp-content\/uploads\/2024\/02\/skinmedicallaser-FAQ-slider.jpg","width":1920,"height":1080,"caption":"skinmedicallaser FAQ slider"},{"@type":"BreadcrumbList","@id":"https:\/\/www.skinmedicallaser.com\/faq\/#breadcrumb","itemListElement":[{"@type":"ListItem","position":1,"name":"Home","item":"https:\/\/www.skinmedicallaser.com\/"},{"@type":"ListItem","position":2,"name":"FAQ"}]},{"@type":"WebSite","@id":"https:\/\/www.skinmedicallaser.com\/#website","url":"https:\/\/www.skinmedicallaser.com\/","name":"Skin Medical Laser","description":"Virtually Painless Hair Removal","publisher":{"@id":"https:\/\/www.skinmedicallaser.com\/#organization"},"potentialAction":[{"@type":"SearchAction","target":{"@type":"EntryPoint","urlTemplate":"https:\/\/www.skinmedicallaser.com\/?s={search_term_string}"},"query-input":{"@type":"PropertyValueSpecification","valueRequired":true,"valueName":"search_term_string"}}],"inLanguage":"fr-FR"},{"@type":"Organization","@id":"https:\/\/www.skinmedicallaser.com\/#organization","name":"Skin Medical Laser","url":"https:\/\/www.skinmedicallaser.com\/","logo":{"@type":"ImageObject","inLanguage":"fr-FR","@id":"https:\/\/www.skinmedicallaser.com\/#\/schema\/logo\/image\/","url":"https:\/\/secureservercdn.net\/160.153.138.219\/sjz.7ca.myftpupload.com\/wp-content\/uploads\/2020\/03\/mobile_logo.png?time=1623429131","contentUrl":"https:\/\/secureservercdn.net\/160.153.138.219\/sjz.7ca.myftpupload.com\/wp-content\/uploads\/2020\/03\/mobile_logo.png?time=1623429131","width":150,"height":150,"caption":"Skin Medical Laser"},"image":{"@id":"https:\/\/www.skinmedicallaser.com\/#\/schema\/logo\/image\/"},"sameAs":["https:\/\/www.facebook.com\/pg\/Skin-Medical-Laser-102740147984583"]}]}},"_links":{"self":[{"href":"https:\/\/www.skinmedicallaser.com\/fr\/wp-json\/wp\/v2\/pages\/5766","targetHints":{"allow":["GET"]}}],"collection":[{"href":"https:\/\/www.skinmedicallaser.com\/fr\/wp-json\/wp\/v2\/pages"}],"about":[{"href":"https:\/\/www.skinmedicallaser.com\/fr\/wp-json\/wp\/v2\/types\/page"}],"author":[{"embeddable":true,"href":"https:\/\/www.skinmedicallaser.com\/fr\/wp-json\/wp\/v2\/users\/1"}],"replies":[{"embeddable":true,"href":"https:\/\/www.skinmedicallaser.com\/fr\/wp-json\/wp\/v2\/comments?post=5766"}],"version-history":[{"count":1,"href":"https:\/\/www.skinmedicallaser.com\/fr\/wp-json\/wp\/v2\/pages\/5766\/revisions"}],"predecessor-version":[{"id":8285,"href":"https:\/\/www.skinmedicallaser.com\/fr\/wp-json\/wp\/v2\/pages\/5766\/revisions\/8285"}],"wp:featuredmedia":[{"embeddable":true,"href":"https:\/\/www.skinmedicallaser.com\/fr\/wp-json\/wp\/v2\/media\/8284"}],"wp:attachment":[{"href":"https:\/\/www.skinmedicallaser.com\/fr\/wp-json\/wp\/v2\/media?parent=5766"}],"curies":[{"name":"wp","href":"https:\/\/api.w.org\/{rel}","templated":true}]}}